{"id":2963,"date":"2023-11-21T09:09:15","date_gmt":"2023-11-21T09:09:15","guid":{"rendered":"https:\/\/sitiwebsavona.it\/ventimiglia\/declaration-daccessibilite\/"},"modified":"2024-04-03T12:59:24","modified_gmt":"2024-04-03T12:59:24","slug":"declaration-daccessibilite","status":"publish","type":"page","link":"https:\/\/ventimiglia.it\/fr\/declaration-daccessibilite\/","title":{"rendered":"D\u00e9claration d&rsquo;accessibilit\u00e9"},"content":{"rendered":"[vc_row type=\u00a0\u00bbin_container\u00a0\u00bb full_screen_row_position=\u00a0\u00bbmiddle\u00a0\u00bb column_margin=\u00a0\u00bbdefault\u00a0\u00bb column_direction=\u00a0\u00bbdefault\u00a0\u00bb column_direction_tablet=\u00a0\u00bbdefault\u00a0\u00bb column_direction_phone=\u00a0\u00bbdefault\u00a0\u00bb scene_position=\u00a0\u00bbcenter\u00a0\u00bb top_padding=\u00a0\u00bb96&Prime; bottom_padding=\u00a0\u00bb96&Prime; text_color=\u00a0\u00bbdark\u00a0\u00bb text_align=\u00a0\u00bbleft\u00a0\u00bb row_border_radius=\u00a0\u00bbnone\u00a0\u00bb row_border_radius_applies=\u00a0\u00bbbg\u00a0\u00bb overflow=\u00a0\u00bbvisible\u00a0\u00bb overlay_strength=\u00a0\u00bb0.3&Prime; gradient_direction=\u00a0\u00bbleft_to_right\u00a0\u00bb shape_divider_position=\u00a0\u00bbbottom\u00a0\u00bb bg_image_animation=\u00a0\u00bbnone\u00a0\u00bb gradient_type=\u00a0\u00bbdefault\u00a0\u00bb shape_type=\u00a0\u00bb\u00a0\u00bb][vc_column column_padding=\u00a0\u00bbno-extra-padding\u00a0\u00bb column_padding_tablet=\u00a0\u00bbinherit\u00a0\u00bb column_padding_phone=\u00a0\u00bbinherit\u00a0\u00bb column_padding_position=\u00a0\u00bball\u00a0\u00bb column_element_direction_desktop=\u00a0\u00bbdefault\u00a0\u00bb column_element_spacing=\u00a0\u00bbdefault\u00a0\u00bb desktop_text_alignment=\u00a0\u00bbdefault\u00a0\u00bb tablet_text_alignment=\u00a0\u00bbdefault\u00a0\u00bb phone_text_alignment=\u00a0\u00bbdefault\u00a0\u00bb background_color_opacity=\u00a0\u00bb1&Prime; background_hover_color_opacity=\u00a0\u00bb1&Prime; column_backdrop_filter=\u00a0\u00bbnone\u00a0\u00bb column_shadow=\u00a0\u00bbnone\u00a0\u00bb column_border_radius=\u00a0\u00bbnone\u00a0\u00bb column_link_target=\u00a0\u00bb_self\u00a0\u00bb column_position=\u00a0\u00bbdefault\u00a0\u00bb gradient_direction=\u00a0\u00bbleft_to_right\u00a0\u00bb overlay_strength=\u00a0\u00bb0.3&Prime; width=\u00a0\u00bb1\/1&Prime; tablet_width_inherit=\u00a0\u00bbdefault\u00a0\u00bb animation_type=\u00a0\u00bbdefault\u00a0\u00bb bg_image_animation=\u00a0\u00bbnone\u00a0\u00bb border_type=\u00a0\u00bbsimple\u00a0\u00bb column_border_width=\u00a0\u00bbnone\u00a0\u00bb column_border_style=\u00a0\u00bbsolid\u00a0\u00bb][vc_column_text text_direction=\u00a0\u00bbdefault\u00a0\u00bb]<b>Vintimille<\/b> s&rsquo;engage constamment \u00e0 rendre son site Internet accessible conform\u00e9ment \u00e0 la loi du 9 janvier 2004, n. 4.<\/p>\n<p>Lors des phases de conception et de cr\u00e9ation du site Web, le plus grand soin a \u00e9t\u00e9 apport\u00e9 au respect des caract\u00e9ristiques d&rsquo;accessibilit\u00e9 et d&rsquo;utilisabilit\u00e9, afin que les pages soient conformes aux exigences techniques indiqu\u00e9es dans le d\u00e9cret minist\u00e9riel d&rsquo;application de la loi Stanca (loi 4\/2004 Dispositions pour faciliter l&rsquo;acc\u00e8s des personnes handicap\u00e9es aux outils informatiques) et aux lignes directrices WCAG pr\u00e9vues par la norme internationale WAI <i>Web Accessibility Initiative<\/i>.<\/p>\n<p>Cette d\u00e9claration d&rsquo;accessibilit\u00e9 s&rsquo;applique au site <a href=\"https:\/\/www.visitventimiglia.it\/\" rel=\"noopener\">https:\/\/www.ventimiglia.it<\/a><\/p>\n<p>Nous vous invitons \u00e0 signaler documents, pages ou sections qui ne sont pas accessibles pour nous donner la possibilit\u00e9 de vous proposer des contenus alternatifs et de corriger les erreurs.<\/p>\n<p>Vous pouvez \u00e9crire directement \u00e0 <a href=\"mailto:luca.molinari@comune.ventimiglia.im.it\">luca.molinari@comune.ventimiglia.im.it<\/a><\/p>\n[\/vc_column_text][nectar_cta btn_style=\u00a0\u00bbsee-through\u00a0\u00bb heading_tag=\u00a0\u00bbh6&Prime; button_color=\u00a0\u00bbdefault\u00a0\u00bb button_border_thickness=\u00a0\u00bb0px\u00a0\u00bb link_type=\u00a0\u00bbregular\u00a0\u00bb alignment=\u00a0\u00bbleft\u00a0\u00bb alignment_tablet=\u00a0\u00bbdefault\u00a0\u00bb alignment_phone=\u00a0\u00bbdefault\u00a0\u00bb display=\u00a0\u00bbblock\u00a0\u00bb display_tablet=\u00a0\u00bbinherit\u00a0\u00bb display_phone=\u00a0\u00bbinherit\u00a0\u00bb text=\u00a0\u00bbAccessibilit\u00e9\u00a0\u00bb url=\u00a0\u00bbhttps:\/\/form.agid.gov.it\/view\/3ec5e4e7-87fe-4f86-97d1-e7b97d237b86&Prime;][\/vc_column][\/vc_row]\n","protected":false},"excerpt":{"rendered":"<p>Vintimille s&rsquo;engage constamment \u00e0 rendre son site Internet accessible conform\u00e9ment \u00e0 la loi italienne du 9 janvier 2004, n. 4.<\/p>\n","protected":false},"author":1,"featured_media":0,"parent":0,"menu_order":0,"comment_status":"closed","ping_status":"closed","template":"","meta":{"footnotes":""},"tags":[],"class_list":["post-2963","page","type-page","status-publish"],"_links":{"self":[{"href":"https:\/\/ventimiglia.it\/fr\/wp-json\/wp\/v2\/pages\/2963","targetHints":{"allow":["GET"]}}],"collection":[{"href":"https:\/\/ventimiglia.it\/fr\/wp-json\/wp\/v2\/pages"}],"about":[{"href":"https:\/\/ventimiglia.it\/fr\/wp-json\/wp\/v2\/types\/page"}],"author":[{"embeddable":true,"href":"https:\/\/ventimiglia.it\/fr\/wp-json\/wp\/v2\/users\/1"}],"replies":[{"embeddable":true,"href":"https:\/\/ventimiglia.it\/fr\/wp-json\/wp\/v2\/comments?post=2963"}],"version-history":[{"count":7,"href":"https:\/\/ventimiglia.it\/fr\/wp-json\/wp\/v2\/pages\/2963\/revisions"}],"predecessor-version":[{"id":3095,"href":"https:\/\/ventimiglia.it\/fr\/wp-json\/wp\/v2\/pages\/2963\/revisions\/3095"}],"wp:attachment":[{"href":"https:\/\/ventimiglia.it\/fr\/wp-json\/wp\/v2\/media?parent=2963"}],"wp:term":[{"taxonomy":"post_tag","embeddable":true,"href":"https:\/\/ventimiglia.it\/fr\/wp-json\/wp\/v2\/tags?post=2963"}],"curies":[{"name":"wp","href":"https:\/\/api.w.org\/{rel}","templated":true}]}}